{"id":181,"date":"2015-05-27T16:05:41","date_gmt":"2015-05-27T16:05:41","guid":{"rendered":"http:\/\/tommusrhodus.wpengine.com\/?page_id=181"},"modified":"2023-01-26T10:47:12","modified_gmt":"2023-01-26T10:47:12","slug":"contact-ann-reeves-francesca-uk","status":"publish","type":"page","link":"https:\/\/francesca.ro\/ro\/contact-ann-reeves-francesca-uk\/","title":{"rendered":"Contact"},"content":{"rendered":"<div class=\"light-wrapper\">\n\t<div class=\"vc_row wpb_row vc_row-fluid\">\n\t\t<div class=\"wpb_column col-sm-12\"><div class=\"vc_column-inner\"><div class=\"wpb_wrapper\">\n\t<div class=\"wpb_raw_code wpb_content_element wpb_raw_html\" >\n\t\t<div class=\"wpb_wrapper\">\n\t\t\t<iframe src=\"https:\/\/www.google.com\/maps\/embed?pb=!1m18!1m12!1m3!1d2827.1674143842665!2d24.835446315815318!3d44.879241880303866!2m3!1f0!2f0!3f0!3m2!1i1024!2i768!4f13.1!3m3!1m2!1s0x40b2bba34bc786f3%3A0xa37268f22679dc3e!2sFrancesca%20Industries%20S.A.!5e0!3m2!1sen!2sro!4v1674727760170!5m2!1sen!2sro\" width=\"100%\" height=\"450\" style=\"border:0;\" allowfullscreen=\"\" loading=\"lazy\"><\/iframe>\n\t\t<\/div>\n\t<\/div>\n<\/div><\/div><\/div>\t<\/div>\n\n\n\t\n<\/div><div class=\"dark-wrapper\"><div class=\"container inner\">\n\t<div class=\"vc_row wpb_row vc_row-fluid\">\n\t\t<div class=\"wpb_column col-sm-1\"><div class=\"vc_column-inner\"><div class=\"wpb_wrapper\"><\/div><\/div><\/div><div class=\"wpb_column col-sm-10\"><div class=\"vc_column-inner\"><div class=\"wpb_wrapper\"><div class=\"vc_row wpb_row vc_inner vc_row-fluid\"><div class=\"wpb_column col-sm-4\"><div class=\"vc_column-inner\"><div class=\"wpb_wrapper\">\n\t\t<div class=\"text-center steps\">\n\t\t\t<div class=\"wow fadeInUp\" data-wow-duration=\"1s\" data-wow-delay=\"0s\">\n\t\t\t\t<div class=\"steps-item\">\n\t\t\t\t\n\t\t\t\t\t<span class=\"number\"><\/span>\n\t\t\t\t\t\n\t\t\t\t\t<div class=\"icon\"> \n\t\t\t\t\t\t<i class=\"budicon-location-1\"><\/i> \n\t\t\t\t\t<\/div>\n\t\t\t\t\t\n\t\t\t\t\t<a href=\"https:\/\/goo.gl\/maps\/r9zvyGD6fktwWkSD9\">Nicolae B\u0103lcescu street, nr.173,<\/a><br \/>\n<a href=\"https:\/\/goo.gl\/maps\/r9zvyGD6fktwWkSD9\">Pite\u015fti, Arge\u015f, Rom\u00e2nia,110066<\/a>\n\t\t\t\t\t\n\t\t\t\t<\/div>\n\t\t\t<\/div>\n\t\t<\/div>\n\t<\/div><\/div><\/div><div class=\"wpb_column col-sm-4\"><div class=\"vc_column-inner\"><div class=\"wpb_wrapper\">\n\t\t<div class=\"text-center steps\">\n\t\t\t<div class=\"wow fadeInUp\" data-wow-duration=\"1s\" data-wow-delay=\"0s\">\n\t\t\t\t<div class=\"steps-item\">\n\t\t\t\t\n\t\t\t\t\t<span class=\"number\"><\/span>\n\t\t\t\t\t\n\t\t\t\t\t<div class=\"icon\"> \n\t\t\t\t\t\t<i class=\"budicon-telephone\"><\/i> \n\t\t\t\t\t<\/div>\n\t\t\t\t\t\n\t\t\t\t\t<a href=\"tel: 40749031727\">+40.749.031.727<\/a>\n\t\t\t\t\t\n\t\t\t\t<\/div>\n\t\t\t<\/div>\n\t\t<\/div>\n\t<\/div><\/div><\/div><div class=\"wpb_column col-sm-4\"><div class=\"vc_column-inner\"><div class=\"wpb_wrapper\">\n\t\t<div class=\"text-center steps\">\n\t\t\t<div class=\"wow fadeInUp\" data-wow-duration=\"1s\" data-wow-delay=\"0.6s\">\n\t\t\t\t<div class=\"steps-item\">\n\t\t\t\t\n\t\t\t\t\t<span class=\"number\"><\/span>\n\t\t\t\t\t\n\t\t\t\t\t<div class=\"icon\"> \n\t\t\t\t\t\t<i class=\"budicon-profile\"><\/i> \n\t\t\t\t\t<\/div>\n\t\t\t\t\t\n\t\t\t\t\t<a href=\"mailto:office@francesca.ro\">office@francesca.ro<\/a>\n\t\t\t\t\t\n\t\t\t\t<\/div>\n\t\t\t<\/div>\n\t\t<\/div>\n\t<\/div><\/div><\/div><\/div><div class=\"vc_empty_space\"   style=\"height: 60px\" ><span class=\"vc_empty_space_inner\"><\/span><\/div>\n\n\t\t<div class=\"text-center steps\">\n\t\t\t<div class=\"wow fadeInUp\" data-wow-duration=\"1s\" data-wow-delay=\"0s\">\n\t\t\t\t<div class=\"steps-item\">\n\t\t\t\t\n\t\t\t\t\t<span class=\"number\"><\/span>\n\t\t\t\t\t\n\t\t\t\t\t<div class=\"icon\"> \n\t\t\t\t\t\t<i class=\"budicon-cash\"><\/i> \n\t\t\t\t\t<\/div>\n\t\t\t\t\t\n\t\t\t\t\t<em><strong>S.C. ANN REEVES & FRANCESCA S.A.<\/strong><\/em><br \/>\nCod unic de \u00eenregistrare: RO5660350<br \/>\nNum\u0103r \u00eenregistrare Registrul Comer\u021bului: J03\/101\/1994\n\t\t\t\t\t\n\t\t\t\t<\/div>\n\t\t\t<\/div>\n\t\t<\/div>\n\t<div class=\"vc_empty_space\"   style=\"height: 60px\" ><span class=\"vc_empty_space_inner\"><\/span><\/div>\n<div class=\"vc_row wpb_row vc_inner vc_row-fluid vc_row-o-equal-height vc_row-o-content-middle vc_row-flex\"><div class=\"team-pics-ann wpb_column col-sm-2\"><div class=\"vc_column-inner\"><div class=\"wpb_wrapper\">\n\t<div  class=\"wpb_single_image wpb_content_element vc_align_center\">\n\t\t\n\t\t<figure class=\"wpb_wrapper vc_figure\">\n\t\t\t<a data-rel=\"prettyPhoto[rel-181-477551625]\" href=\"https:\/\/francesca.ro\/wp-content\/uploads\/2021\/05\/gabriela_durac_ann_reeves_and_francesca.jpg\" target=\"_self\" class=\"vc_single_image-wrapper vc_box_shadow_3d  vc_box_border_grey prettyphoto\"><img loading=\"lazy\" decoding=\"async\" class=\"vc_single_image-img\" src=\"https:\/\/francesca.ro\/wp-content\/uploads\/2021\/05\/gabriela_durac_ann_reeves_and_francesca-100x100.jpg\" width=\"100\" height=\"100\" alt=\"gabriela_durac_ann_reeves_and_francesca\" title=\"gabriela_durac_ann_reeves_and_francesca\" \/><\/a>\n\t\t<\/figure>\n\t<\/div>\n<\/div><\/div><\/div><div class=\"team-pics-ann-infotext wpb_column col-sm-2\"><div class=\"vc_column-inner\"><div class=\"wpb_wrapper\">\n\t<div class=\"wpb_text_column wpb_content_element\" >\n\t\t<div class=\"wpb_wrapper\">\n\t\t\t<h4>Echipa de produc\u021bie<\/h4>\n<p><strong><span class=\"TextRun BCX0 SCXO102229100\" lang=\"RO-RO\" xml:lang=\"RO-RO\" data-contrast=\"auto\"><span class=\"NormalTextRun BCX0 SCXO102229100\">GABRIELA DURAC<br \/>\n<\/span><\/span><\/strong><span class=\"TextRun BCX0 SCXO102229100\" lang=\"RO-RO\" xml:lang=\"RO-RO\" data-contrast=\"auto\"><span class=\"NormalTextRun BCX0 SCXO102229100\">Manager de produc\u021bie<\/span><\/span><\/p>\n<p><strong><span class=\"TextRun BCX0 SCXO102229100\" lang=\"RO-RO\" xml:lang=\"RO-RO\" data-contrast=\"auto\"><span class=\"NormalTextRun BCX0 SCXO102229100\"><a class=\"Hyperlink SCXO118181519 BCX0\" href=\"mailto:office@francesca.ro\" target=\"_blank\" rel=\"noreferrer noopener\"><span class=\"TextRun Highlight SCXO118181519 BCX0\" lang=\"RO-RO\" xml:lang=\"RO-RO\" data-contrast=\"auto\"><span class=\"NormalTextRun SCXO118181519 BCX0\">office@francesca.ro<\/span><\/span><\/a><\/span><\/span><\/strong><\/p>\n\n\t\t<\/div>\n\t<\/div>\n<\/div><\/div><\/div><div class=\"team-pics-ann wpb_column col-sm-2\"><div class=\"vc_column-inner\"><div class=\"wpb_wrapper\">\n\t<div  class=\"wpb_single_image wpb_content_element vc_align_center\">\n\t\t\n\t\t<figure class=\"wpb_wrapper vc_figure\">\n\t\t\t<a data-rel=\"prettyPhoto[rel-181-1947542209]\" href=\"https:\/\/francesca.ro\/wp-content\/uploads\/2021\/05\/leonard_lupu_ann_reeves_and_francesca.jpg\" target=\"_self\" class=\"vc_single_image-wrapper vc_box_shadow_3d  vc_box_border_grey prettyphoto\"><img loading=\"lazy\" decoding=\"async\" class=\"vc_single_image-img\" src=\"https:\/\/francesca.ro\/wp-content\/uploads\/2021\/05\/leonard_lupu_ann_reeves_and_francesca-100x100.jpg\" width=\"100\" height=\"100\" alt=\"leonard_lupu_ann_reeves_and_francesca\" title=\"leonard_lupu_ann_reeves_and_francesca\" \/><\/a>\n\t\t<\/figure>\n\t<\/div>\n<\/div><\/div><\/div><div class=\"team-pics-ann-infotext wpb_column col-sm-2\"><div class=\"vc_column-inner\"><div class=\"wpb_wrapper\">\n\t<div class=\"wpb_text_column wpb_content_element\" >\n\t\t<div class=\"wpb_wrapper\">\n\t\t\t<h4>Echipa logistic\u0103<\/h4>\n<p><strong><span class=\"TextRun SCXO112299766 BCX0\" lang=\"RO-RO\" xml:lang=\"RO-RO\" data-contrast=\"auto\"><span class=\"NormalTextRun SCXO112299766 BCX0\">LEONARD LUPU<br \/>\n<\/span><\/span><\/strong><span class=\"TextRun SCXO112299766 BCX0\" lang=\"RO-RO\" xml:lang=\"RO-RO\" data-contrast=\"auto\"><span class=\"NormalTextRun SCXO112299766 BCX0\">Manager logistic\u0103<\/span><\/span><\/p>\n<p><strong><span class=\"TextRun SCXO112299766 BCX0\" lang=\"RO-RO\" xml:lang=\"RO-RO\" data-contrast=\"auto\"><span class=\"NormalTextRun SCXO112299766 BCX0\"><a href=\"mailto:leonard.lupu@francesca.ro\"><span class=\"TextRun BCX0 SCXO112299766\" lang=\"RO-RO\" xml:lang=\"RO-RO\" data-contrast=\"auto\"><span class=\"NormalTextRun BCX0 SCXO112299766\">leonard.lupu@francesca.ro<\/span><\/span><\/a><\/span><\/span><\/strong><\/p>\n\n\t\t<\/div>\n\t<\/div>\n<\/div><\/div><\/div><div class=\"team-pics-ann wpb_column col-sm-2\"><div class=\"vc_column-inner\"><div class=\"wpb_wrapper\">\n\t<div  class=\"wpb_single_image wpb_content_element vc_align_center\">\n\t\t\n\t\t<figure class=\"wpb_wrapper vc_figure\">\n\t\t\t<a data-rel=\"prettyPhoto[rel-181-705933711]\" href=\"https:\/\/francesca.ro\/wp-content\/uploads\/2021\/05\/stephen_goldschmidt_ann_reeves_and_francesca.jpg\" target=\"_self\" class=\"vc_single_image-wrapper vc_box_shadow_3d  vc_box_border_grey prettyphoto\"><img loading=\"lazy\" decoding=\"async\" class=\"vc_single_image-img\" src=\"https:\/\/francesca.ro\/wp-content\/uploads\/2021\/05\/stephen_goldschmidt_ann_reeves_and_francesca-100x100.jpg\" width=\"100\" height=\"100\" alt=\"stephen_goldschmidt_ann_reeves_and_francesca\" title=\"stephen_goldschmidt_ann_reeves_and_francesca\" \/><\/a>\n\t\t<\/figure>\n\t<\/div>\n<\/div><\/div><\/div><div class=\"wpb_column col-sm-2\"><div class=\"vc_column-inner\"><div class=\"wpb_wrapper\">\n\t<div class=\"wpb_text_column wpb_content_element\" >\n\t\t<div class=\"wpb_wrapper\">\n\t\t\t<h4>Echipa de management<\/h4>\n<p><strong><span class=\"TextRun SCXO112299766 BCX0\" lang=\"RO-RO\" xml:lang=\"RO-RO\" data-contrast=\"auto\"><span class=\"NormalTextRun SCXO112299766 BCX0\">STEPHEN GOLDSCHMIDT<br \/>\n<\/span><\/span><\/strong><span class=\"TextRun SCXO112299766 BCX0\" lang=\"RO-RO\" xml:lang=\"RO-RO\" data-contrast=\"auto\"><span class=\"NormalTextRun SCXO112299766 BCX0\">Manager general <\/span><\/span><\/p>\n<p><strong><span class=\"TextRun SCXO112299766 BCX0\" lang=\"RO-RO\" xml:lang=\"RO-RO\" data-contrast=\"auto\"><span class=\"NormalTextRun SCXO112299766 BCX0\"><a href=\"mailto:stephen.goldschmidt@annreeves-uk.com\">stephen.goldschmidt@annreeves-uk.com<\/a><\/span><\/span><\/strong><\/p>\n\n\t\t<\/div>\n\t<\/div>\n<\/div><\/div><\/div><\/div><div class=\"vc_empty_space\"   style=\"height: 60px\" ><span class=\"vc_empty_space_inner\"><\/span><\/div>\n\n\t<div class=\"wpb_text_column wpb_content_element\" >\n\t\t<div class=\"wpb_wrapper\">\n\t\t\t<h2 class=\"post-title\">Contacteaz\u0103-ne<\/h2>\n<p>Suntem \u00eentotdeauna deschi\u0219i pentru o rela\u021bie comercial\u0103 pe termen lung.<br \/>\nNu ezita\u021bi s\u0103 ne contacta\u021bi folosind formularul de mai jos sau informa\u021biile de contact de mai sus.<\/p>\n\n\t\t<\/div>\n\t<\/div>\n\n<div class=\"wpcf7 no-js\" id=\"wpcf7-f717-o1\" lang=\"en-US\" dir=\"ltr\">\n<div class=\"screen-reader-response\"><p role=\"status\" aria-live=\"polite\" aria-atomic=\"true\"><\/p> <ul><\/ul><\/div>\n<form action=\"\/ro\/wp-json\/wp\/v2\/pages\/181#wpcf7-f717-o1\" method=\"post\" class=\"wpcf7-form init\" aria-label=\"Contact form\" novalidate=\"novalidate\" data-status=\"init\" data-trp-original-action=\"\/ro\/wp-json\/wp\/v2\/pages\/181#wpcf7-f717-o1\">\n<div style=\"display: none;\">\n<input type=\"hidden\" name=\"_wpcf7\" value=\"717\" \/>\n<input type=\"hidden\" name=\"_wpcf7_version\" value=\"5.8.7\" \/>\n<input type=\"hidden\" name=\"_wpcf7_locale\" value=\"en_US\" \/>\n<input type=\"hidden\" name=\"_wpcf7_unit_tag\" value=\"wpcf7-f717-o1\" \/>\n<input type=\"hidden\" name=\"_wpcf7_container_post\" value=\"0\" \/>\n<input type=\"hidden\" name=\"_wpcf7_posted_data_hash\" value=\"\" \/>\n<\/div>\n<div class=\"row form-container\">\n\t<div class=\"col-sm-6\">\n\t\t<div class=\"form-field\">\n\t\t\t<p><label><span class=\"wpcf7-form-control-wrap\" data-name=\"your-name\"><input size=\"40\" class=\"wpcf7-form-control wpcf7-text wpcf7-validates-as-required\" aria-required=\"true\" aria-invalid=\"false\" placeholder=\"Nume (Necesar*)\" value=\"\" type=\"text\" name=\"your-name\" \/><\/span><i class=\"icon-user\"><\/i><\/label>\n\t\t\t<\/p>\n\t\t<\/div>\n\t<\/div>\n\t<div class=\"col-sm-6\">\n\t\t<div class=\"form-field\">\n\t\t\t<p><label><span class=\"wpcf7-form-control-wrap\" data-name=\"your-email\"><input size=\"40\" class=\"wpcf7-form-control wpcf7-email wpcf7-validates-as-required wpcf7-text wpcf7-validates-as-email\" aria-required=\"true\" aria-invalid=\"false\" placeholder=\"E-mail (Necesar*)\" value=\"\" type=\"email\" name=\"your-email\" \/><\/span><i class=\"icon-mail-alt\"><\/i><\/label>\n\t\t\t<\/p>\n\t\t<\/div>\n\t<\/div>\n\t<div class=\"col-sm-6\">\n\t\t<div class=\"form-field\">\n\t\t\t<p><label><span class=\"wpcf7-form-control-wrap\" data-name=\"your-website\"><input size=\"40\" class=\"wpcf7-form-control wpcf7-text wpcf7-validates-as-required\" aria-required=\"true\" aria-invalid=\"false\" placeholder=\"Site web (Op\u021bional)\" value=\"\" type=\"text\" name=\"your-website\" \/><\/span><i class=\"icon-globe\"><\/i><\/label>\n\t\t\t<\/p>\n\t\t<\/div>\n\t<\/div>\n\t<div class=\"col-sm-6\">\n\t\t<div class=\"form-field\">\n\t\t\t<p><label><span class=\"wpcf7-form-control-wrap\" data-name=\"your-subject\"><input size=\"40\" class=\"wpcf7-form-control wpcf7-text wpcf7-validates-as-required\" aria-required=\"true\" aria-invalid=\"false\" placeholder=\"Subiect (Op\u021bional)\" value=\"\" type=\"text\" name=\"your-subject\" \/><\/span><i class=\"icon-doc-text-inv\"><\/i><\/label>\n\t\t\t<\/p>\n\t\t<\/div>\n\t<\/div>\n\t<div class=\"col-sm-12\">\n\t\t<p><span class=\"wpcf7-form-control-wrap\" data-name=\"your-message\"><textarea cols=\"40\" rows=\"10\" class=\"wpcf7-form-control wpcf7-textarea\" aria-invalid=\"false\" placeholder=\"Mesajul t\u0103u aici...\" name=\"your-message\"><\/textarea><\/span>\n\t\t<\/p>\n\t<\/div>\n\t<div class=\"col-sm-12\">\n\t\t<p><input class=\"wpcf7-form-control wpcf7-submit has-spinner\" type=\"submit\" value=\"Trimite\" \/>\n\t\t<\/p>\n\t<\/div>\n<\/div><div class=\"wpcf7-response-output\" aria-hidden=\"true\"><\/div>\n<input type=\"hidden\" name=\"trp-form-language\" value=\"ro\"\/><\/form>\n<\/div>\n<\/div><\/div><\/div><div class=\"wpb_column col-sm-1\"><div class=\"vc_column-inner\"><div class=\"wpb_wrapper\"><\/div><\/div><\/div>\t<\/div>\n\n\n\t\n<\/div><\/div>","protected":false},"excerpt":{"rendered":"Nicolae B\u0103lcescu street, nr.173, Pite\u015fti, Arge\u015f, Rom\u00e2nia,110066 +40.749.031.727 office@francesca.ro S.C. ANN REEVES & FRANCESCA S.A. Unique registration code: RO5660350 Romanian Trade Register Office: J03\/101\/1994 Production...","protected":false},"author":1,"featured_media":0,"parent":0,"menu_order":0,"comment_status":"open","ping_status":"closed","template":"","meta":{"footnotes":""},"_links":{"self":[{"href":"https:\/\/francesca.ro\/ro\/wp-json\/wp\/v2\/pages\/181"}],"collection":[{"href":"https:\/\/francesca.ro\/ro\/wp-json\/wp\/v2\/pages"}],"about":[{"href":"https:\/\/francesca.ro\/ro\/wp-json\/wp\/v2\/types\/page"}],"author":[{"embeddable":true,"href":"https:\/\/francesca.ro\/ro\/wp-json\/wp\/v2\/users\/1"}],"replies":[{"embeddable":true,"href":"https:\/\/francesca.ro\/ro\/wp-json\/wp\/v2\/comments?post=181"}],"version-history":[{"count":29,"href":"https:\/\/francesca.ro\/ro\/wp-json\/wp\/v2\/pages\/181\/revisions"}],"predecessor-version":[{"id":2759,"href":"https:\/\/francesca.ro\/ro\/wp-json\/wp\/v2\/pages\/181\/revisions\/2759"}],"wp:attachment":[{"href":"https:\/\/francesca.ro\/ro\/wp-json\/wp\/v2\/media?parent=181"}],"curies":[{"name":"wp","href":"https:\/\/api.w.org\/{rel}","templated":true}]}}